{"id":1415,"date":"2024-05-20T11:57:39","date_gmt":"2024-05-20T11:57:39","guid":{"rendered":"https:\/\/www.vigobioenergy.com\/standorte\/"},"modified":"2026-02-02T17:41:32","modified_gmt":"2026-02-02T17:41:32","slug":"standorte","status":"publish","type":"page","link":"https:\/\/www.vigobioenergy.com\/de\/standorte\/","title":{"rendered":"Standorte"},"content":{"rendered":"","protected":false},"excerpt":{"rendered":"","protected":false},"author":1,"featured_media":0,"parent":0,"menu_order":0,"comment_status":"closed","ping_status":"closed","template":"template-locations.php","meta":{"_acf_changed":false,"footnotes":""},"class_list":["post-1415","page","type-page","status-publish","hentry"],"acf":[],"yoast_head":"<!-- This site is optimized with the Yoast SEO plugin v27.3 - https:\/\/yoast.com\/product\/yoast-seo-wordpress\/ -->\n<title>Standorte - Vigo<\/title>\n<meta name=\"description\" content=\"Details finden Sie auf unserer Lagekarte. F\u00fcr aktuelle Informationen, einschlie\u00dflich der Verf\u00fcgbarkeit von Stationen, laden Sie unsere App herunter.\" \/>\n<meta name=\"robots\" content=\"index, follow, max-snippet:-1, max-image-preview:large, max-video-preview:-1\" \/>\n<link rel=\"canonical\" href=\"https:\/\/www.vigobioenergy.com\/de\/standorte\/\" \/>\n<meta property=\"og:locale\" content=\"de_DE\" \/>\n<meta property=\"og:type\" content=\"article\" \/>\n<meta property=\"og:title\" content=\"Standorte - Vigo\" \/>\n<meta property=\"og:description\" content=\"Details finden Sie auf unserer Lagekarte. F\u00fcr aktuelle Informationen, einschlie\u00dflich der Verf\u00fcgbarkeit von Stationen, laden Sie unsere App herunter.\" \/>\n<meta property=\"og:url\" content=\"https:\/\/www.vigobioenergy.com\/de\/standorte\/\" \/>\n<meta property=\"og:site_name\" content=\"Vigo\" \/>\n<meta property=\"article:modified_time\" content=\"2026-02-02T17:41:32+00:00\" \/>\n<meta name=\"twitter:card\" content=\"summary_large_image\" \/>\n<meta name=\"twitter:label1\" content=\"Gesch\u00e4tzte Lesezeit\" \/>\n\t<meta name=\"twitter:data1\" content=\"6 Minuten\" \/>\n<script type=\"application\/ld+json\" class=\"yoast-schema-graph\">{\"@context\":\"https:\\\/\\\/schema.org\",\"@graph\":[{\"@type\":\"WebPage\",\"@id\":\"https:\\\/\\\/www.vigobioenergy.com\\\/de\\\/standorte\\\/\",\"url\":\"https:\\\/\\\/www.vigobioenergy.com\\\/de\\\/standorte\\\/\",\"name\":\"Standorte - Vigo\",\"isPartOf\":{\"@id\":\"https:\\\/\\\/www.vigobioenergy.com\\\/#website\"},\"datePublished\":\"2024-05-20T11:57:39+00:00\",\"dateModified\":\"2026-02-02T17:41:32+00:00\",\"description\":\"Details finden Sie auf unserer Lagekarte. F\u00fcr aktuelle Informationen, einschlie\u00dflich der Verf\u00fcgbarkeit von Stationen, laden Sie unsere App herunter.\",\"breadcrumb\":{\"@id\":\"https:\\\/\\\/www.vigobioenergy.com\\\/de\\\/standorte\\\/#breadcrumb\"},\"inLanguage\":\"de-DE\",\"potentialAction\":[{\"@type\":\"ReadAction\",\"target\":[\"https:\\\/\\\/www.vigobioenergy.com\\\/de\\\/standorte\\\/\"]}]},{\"@type\":\"BreadcrumbList\",\"@id\":\"https:\\\/\\\/www.vigobioenergy.com\\\/de\\\/standorte\\\/#breadcrumb\",\"itemListElement\":[{\"@type\":\"ListItem\",\"position\":1,\"name\":\"Home\",\"item\":\"https:\\\/\\\/www.vigobioenergy.com\\\/de\\\/home\\\/\"},{\"@type\":\"ListItem\",\"position\":2,\"name\":\"Standorte\"}]},{\"@type\":\"WebSite\",\"@id\":\"https:\\\/\\\/www.vigobioenergy.com\\\/#website\",\"url\":\"https:\\\/\\\/www.vigobioenergy.com\\\/\",\"name\":\"Vigo\",\"description\":\"\",\"potentialAction\":[{\"@type\":\"SearchAction\",\"target\":{\"@type\":\"EntryPoint\",\"urlTemplate\":\"https:\\\/\\\/www.vigobioenergy.com\\\/?s={search_term_string}\"},\"query-input\":{\"@type\":\"PropertyValueSpecification\",\"valueRequired\":true,\"valueName\":\"search_term_string\"}}],\"inLanguage\":\"de-DE\"}]}<\/script>\n<!-- \/ Yoast SEO plugin. -->","yoast_head_json":{"title":"Standorte - Vigo","description":"Details finden Sie auf unserer Lagekarte. F\u00fcr aktuelle Informationen, einschlie\u00dflich der Verf\u00fcgbarkeit von Stationen, laden Sie unsere App herunter.","robots":{"index":"index","follow":"follow","max-snippet":"max-snippet:-1","max-image-preview":"max-image-preview:large","max-video-preview":"max-video-preview:-1"},"canonical":"https:\/\/www.vigobioenergy.com\/de\/standorte\/","og_locale":"de_DE","og_type":"article","og_title":"Standorte - Vigo","og_description":"Details finden Sie auf unserer Lagekarte. F\u00fcr aktuelle Informationen, einschlie\u00dflich der Verf\u00fcgbarkeit von Stationen, laden Sie unsere App herunter.","og_url":"https:\/\/www.vigobioenergy.com\/de\/standorte\/","og_site_name":"Vigo","article_modified_time":"2026-02-02T17:41:32+00:00","twitter_card":"summary_large_image","twitter_misc":{"Gesch\u00e4tzte Lesezeit":"6 Minuten"},"schema":{"@context":"https:\/\/schema.org","@graph":[{"@type":"WebPage","@id":"https:\/\/www.vigobioenergy.com\/de\/standorte\/","url":"https:\/\/www.vigobioenergy.com\/de\/standorte\/","name":"Standorte - Vigo","isPartOf":{"@id":"https:\/\/www.vigobioenergy.com\/#website"},"datePublished":"2024-05-20T11:57:39+00:00","dateModified":"2026-02-02T17:41:32+00:00","description":"Details finden Sie auf unserer Lagekarte. F\u00fcr aktuelle Informationen, einschlie\u00dflich der Verf\u00fcgbarkeit von Stationen, laden Sie unsere App herunter.","breadcrumb":{"@id":"https:\/\/www.vigobioenergy.com\/de\/standorte\/#breadcrumb"},"inLanguage":"de-DE","potentialAction":[{"@type":"ReadAction","target":["https:\/\/www.vigobioenergy.com\/de\/standorte\/"]}]},{"@type":"BreadcrumbList","@id":"https:\/\/www.vigobioenergy.com\/de\/standorte\/#breadcrumb","itemListElement":[{"@type":"ListItem","position":1,"name":"Home","item":"https:\/\/www.vigobioenergy.com\/de\/home\/"},{"@type":"ListItem","position":2,"name":"Standorte"}]},{"@type":"WebSite","@id":"https:\/\/www.vigobioenergy.com\/#website","url":"https:\/\/www.vigobioenergy.com\/","name":"Vigo","description":"","potentialAction":[{"@type":"SearchAction","target":{"@type":"EntryPoint","urlTemplate":"https:\/\/www.vigobioenergy.com\/?s={search_term_string}"},"query-input":{"@type":"PropertyValueSpecification","valueRequired":true,"valueName":"search_term_string"}}],"inLanguage":"de-DE"}]}},"_links":{"self":[{"href":"https:\/\/www.vigobioenergy.com\/de\/wp-json\/wp\/v2\/pages\/1415","targetHints":{"allow":["GET"]}}],"collection":[{"href":"https:\/\/www.vigobioenergy.com\/de\/wp-json\/wp\/v2\/pages"}],"about":[{"href":"https:\/\/www.vigobioenergy.com\/de\/wp-json\/wp\/v2\/types\/page"}],"author":[{"embeddable":true,"href":"https:\/\/www.vigobioenergy.com\/de\/wp-json\/wp\/v2\/users\/1"}],"replies":[{"embeddable":true,"href":"https:\/\/www.vigobioenergy.com\/de\/wp-json\/wp\/v2\/comments?post=1415"}],"version-history":[{"count":0,"href":"https:\/\/www.vigobioenergy.com\/de\/wp-json\/wp\/v2\/pages\/1415\/revisions"}],"wp:attachment":[{"href":"https:\/\/www.vigobioenergy.com\/de\/wp-json\/wp\/v2\/media?parent=1415"}],"curies":[{"name":"wp","href":"https:\/\/api.w.org\/{rel}","templated":true}]}}