{"id":820,"date":"2024-06-17T21:53:36","date_gmt":"2024-06-17T21:53:36","guid":{"rendered":"https:\/\/www.vigobioenergy.com\/resultats\/"},"modified":"2024-09-20T08:21:00","modified_gmt":"2024-09-20T08:21:00","slug":"resultats","status":"publish","type":"page","link":"https:\/\/www.vigobioenergy.com\/fr\/resultats\/","title":{"rendered":"R\u00e9sultats"},"content":{"rendered":"","protected":false},"excerpt":{"rendered":"","protected":false},"author":1,"featured_media":0,"parent":0,"menu_order":0,"comment_status":"closed","ping_status":"closed","template":"template-carbon-calculator.php","meta":{"_acf_changed":false,"footnotes":""},"class_list":["post-820","page","type-page","status-publish","hentry"],"acf":[],"yoast_head":"<!-- This site is optimized with the Yoast SEO plugin v27.3 - https:\/\/yoast.com\/product\/yoast-seo-wordpress\/ -->\n<title>R\u00e9sultats - Vigo<\/title>\n<meta name=\"description\" content=\"Tous ces calculs sont \u00e9tablis \u00e0 partir de donn\u00e9es approximatives et ne sont fournis qu\u2019\u00e0 titre indicatif. Pour une evaluation pr\u00e9cise des r\u00e9ductions potentielles de vos \u00e9missions, veuillez nous contacter pour un devis personnalis\u00e9.\" \/>\n<meta name=\"robots\" content=\"index, follow, max-snippet:-1, max-image-preview:large, max-video-preview:-1\" \/>\n<link rel=\"canonical\" href=\"https:\/\/www.vigobioenergy.com\/fr\/resultats\/\" \/>\n<meta property=\"og:locale\" content=\"fr_FR\" \/>\n<meta property=\"og:type\" content=\"article\" \/>\n<meta property=\"og:title\" content=\"R\u00e9sultats - Vigo\" \/>\n<meta property=\"og:description\" content=\"Tous ces calculs sont \u00e9tablis \u00e0 partir de donn\u00e9es approximatives et ne sont fournis qu\u2019\u00e0 titre indicatif. Pour une evaluation pr\u00e9cise des r\u00e9ductions potentielles de vos \u00e9missions, veuillez nous contacter pour un devis personnalis\u00e9.\" \/>\n<meta property=\"og:url\" content=\"https:\/\/www.vigobioenergy.com\/fr\/resultats\/\" \/>\n<meta property=\"og:site_name\" content=\"Vigo\" \/>\n<meta property=\"article:modified_time\" content=\"2024-09-20T08:21:00+00:00\" \/>\n<meta name=\"twitter:card\" content=\"summary_large_image\" \/>\n<script type=\"application\/ld+json\" class=\"yoast-schema-graph\">{\"@context\":\"https:\\\/\\\/schema.org\",\"@graph\":[{\"@type\":\"WebPage\",\"@id\":\"https:\\\/\\\/www.vigobioenergy.com\\\/fr\\\/resultats\\\/\",\"url\":\"https:\\\/\\\/www.vigobioenergy.com\\\/fr\\\/resultats\\\/\",\"name\":\"R\u00e9sultats - Vigo\",\"isPartOf\":{\"@id\":\"https:\\\/\\\/www.vigobioenergy.com\\\/#website\"},\"datePublished\":\"2024-06-17T21:53:36+00:00\",\"dateModified\":\"2024-09-20T08:21:00+00:00\",\"description\":\"Tous ces calculs sont \u00e9tablis \u00e0 partir de donn\u00e9es approximatives et ne sont fournis qu\u2019\u00e0 titre indicatif. Pour une evaluation pr\u00e9cise des r\u00e9ductions potentielles de vos \u00e9missions, veuillez nous contacter pour un devis personnalis\u00e9.\",\"breadcrumb\":{\"@id\":\"https:\\\/\\\/www.vigobioenergy.com\\\/fr\\\/resultats\\\/#breadcrumb\"},\"inLanguage\":\"fr-FR\",\"potentialAction\":[{\"@type\":\"ReadAction\",\"target\":[\"https:\\\/\\\/www.vigobioenergy.com\\\/fr\\\/resultats\\\/\"]}]},{\"@type\":\"BreadcrumbList\",\"@id\":\"https:\\\/\\\/www.vigobioenergy.com\\\/fr\\\/resultats\\\/#breadcrumb\",\"itemListElement\":[{\"@type\":\"ListItem\",\"position\":1,\"name\":\"Home\",\"item\":\"https:\\\/\\\/www.vigobioenergy.com\\\/fr\\\/daccueil\\\/\"},{\"@type\":\"ListItem\",\"position\":2,\"name\":\"R\u00e9sultats\"}]},{\"@type\":\"WebSite\",\"@id\":\"https:\\\/\\\/www.vigobioenergy.com\\\/#website\",\"url\":\"https:\\\/\\\/www.vigobioenergy.com\\\/\",\"name\":\"Vigo\",\"description\":\"\",\"potentialAction\":[{\"@type\":\"SearchAction\",\"target\":{\"@type\":\"EntryPoint\",\"urlTemplate\":\"https:\\\/\\\/www.vigobioenergy.com\\\/?s={search_term_string}\"},\"query-input\":{\"@type\":\"PropertyValueSpecification\",\"valueRequired\":true,\"valueName\":\"search_term_string\"}}],\"inLanguage\":\"fr-FR\"}]}<\/script>\n<!-- \/ Yoast SEO plugin. -->","yoast_head_json":{"title":"R\u00e9sultats - Vigo","description":"Tous ces calculs sont \u00e9tablis \u00e0 partir de donn\u00e9es approximatives et ne sont fournis qu\u2019\u00e0 titre indicatif. Pour une evaluation pr\u00e9cise des r\u00e9ductions potentielles de vos \u00e9missions, veuillez nous contacter pour un devis personnalis\u00e9.","robots":{"index":"index","follow":"follow","max-snippet":"max-snippet:-1","max-image-preview":"max-image-preview:large","max-video-preview":"max-video-preview:-1"},"canonical":"https:\/\/www.vigobioenergy.com\/fr\/resultats\/","og_locale":"fr_FR","og_type":"article","og_title":"R\u00e9sultats - Vigo","og_description":"Tous ces calculs sont \u00e9tablis \u00e0 partir de donn\u00e9es approximatives et ne sont fournis qu\u2019\u00e0 titre indicatif. Pour une evaluation pr\u00e9cise des r\u00e9ductions potentielles de vos \u00e9missions, veuillez nous contacter pour un devis personnalis\u00e9.","og_url":"https:\/\/www.vigobioenergy.com\/fr\/resultats\/","og_site_name":"Vigo","article_modified_time":"2024-09-20T08:21:00+00:00","twitter_card":"summary_large_image","schema":{"@context":"https:\/\/schema.org","@graph":[{"@type":"WebPage","@id":"https:\/\/www.vigobioenergy.com\/fr\/resultats\/","url":"https:\/\/www.vigobioenergy.com\/fr\/resultats\/","name":"R\u00e9sultats - Vigo","isPartOf":{"@id":"https:\/\/www.vigobioenergy.com\/#website"},"datePublished":"2024-06-17T21:53:36+00:00","dateModified":"2024-09-20T08:21:00+00:00","description":"Tous ces calculs sont \u00e9tablis \u00e0 partir de donn\u00e9es approximatives et ne sont fournis qu\u2019\u00e0 titre indicatif. Pour une evaluation pr\u00e9cise des r\u00e9ductions potentielles de vos \u00e9missions, veuillez nous contacter pour un devis personnalis\u00e9.","breadcrumb":{"@id":"https:\/\/www.vigobioenergy.com\/fr\/resultats\/#breadcrumb"},"inLanguage":"fr-FR","potentialAction":[{"@type":"ReadAction","target":["https:\/\/www.vigobioenergy.com\/fr\/resultats\/"]}]},{"@type":"BreadcrumbList","@id":"https:\/\/www.vigobioenergy.com\/fr\/resultats\/#breadcrumb","itemListElement":[{"@type":"ListItem","position":1,"name":"Home","item":"https:\/\/www.vigobioenergy.com\/fr\/daccueil\/"},{"@type":"ListItem","position":2,"name":"R\u00e9sultats"}]},{"@type":"WebSite","@id":"https:\/\/www.vigobioenergy.com\/#website","url":"https:\/\/www.vigobioenergy.com\/","name":"Vigo","description":"","potentialAction":[{"@type":"SearchAction","target":{"@type":"EntryPoint","urlTemplate":"https:\/\/www.vigobioenergy.com\/?s={search_term_string}"},"query-input":{"@type":"PropertyValueSpecification","valueRequired":true,"valueName":"search_term_string"}}],"inLanguage":"fr-FR"}]}},"_links":{"self":[{"href":"https:\/\/www.vigobioenergy.com\/fr\/wp-json\/wp\/v2\/pages\/820","targetHints":{"allow":["GET"]}}],"collection":[{"href":"https:\/\/www.vigobioenergy.com\/fr\/wp-json\/wp\/v2\/pages"}],"about":[{"href":"https:\/\/www.vigobioenergy.com\/fr\/wp-json\/wp\/v2\/types\/page"}],"author":[{"embeddable":true,"href":"https:\/\/www.vigobioenergy.com\/fr\/wp-json\/wp\/v2\/users\/1"}],"replies":[{"embeddable":true,"href":"https:\/\/www.vigobioenergy.com\/fr\/wp-json\/wp\/v2\/comments?post=820"}],"version-history":[{"count":0,"href":"https:\/\/www.vigobioenergy.com\/fr\/wp-json\/wp\/v2\/pages\/820\/revisions"}],"wp:attachment":[{"href":"https:\/\/www.vigobioenergy.com\/fr\/wp-json\/wp\/v2\/media?parent=820"}],"curies":[{"name":"wp","href":"https:\/\/api.w.org\/{rel}","templated":true}]}}